{"id":41,"date":"2024-02-17T10:02:12","date_gmt":"2024-02-17T09:02:12","guid":{"rendered":"http:\/\/localhost\/kezmuveshop_new\/my-account\/"},"modified":"2026-02-13T16:15:13","modified_gmt":"2026-02-13T15:15:13","slug":"my-son","status":"publish","type":"page","link":"https:\/\/kezmuveshop.hu\/en\/fiokom\/","title":{"rendered":"My account"},"content":{"rendered":"<div data-elementor-type=\"wp-post\" data-elementor-id=\"41\" class=\"elementor elementor-41\" data-elementor-settings=\"{&quot;ha_cmc_init_switcher&quot;:&quot;no&quot;}\" data-elementor-post-type=\"page\">\n\t\t\t\t\t\t<section class=\"elementor-section elementor-top-section elementor-element elementor-element-0e916b3 elementor-section-boxed elementor-section-height-default elementor-section-height-default\" data-id=\"0e916b3\" data-element_type=\"section\" data-e-type=\"section\" data-settings=\"{&quot;background_background&quot;:&quot;classic&quot;,&quot;_ha_eqh_enable&quot;:false}\">\n\t\t\t\t\t\t\t<div class=\"elementor-background-overlay\"><\/div>\n\t\t\t\t\t\t\t<div class=\"elementor-container elementor-column-gap-default\">\n\t\t\t\t\t<div class=\"elementor-column elementor-col-100 elementor-top-column elementor-element elementor-element-8e0ee3d\" data-id=\"8e0ee3d\" data-element_type=\"column\" data-e-type=\"column\">\n\t\t\t<div class=\"elementor-widget-wrap elementor-element-populated\">\n\t\t\t\t\t\t<div class=\"elementor-element elementor-element-5f25524 elementor-widget elementor-widget-heading\" data-id=\"5f25524\" data-element_type=\"widget\" data-e-type=\"widget\" data-widget_type=\"heading.default\">\n\t\t\t\t<div class=\"elementor-widget-container\">\n\t\t\t\t\t<h1 class=\"elementor-heading-title elementor-size-default\">My account<\/h1>\t\t\t\t<\/div>\n\t\t\t\t<\/div>\n\t\t\t\t<div class=\"elementor-element elementor-element-80c053c elementor-widget elementor-widget-text-editor\" data-id=\"80c053c\" data-element_type=\"widget\" data-e-type=\"widget\" data-widget_type=\"text-editor.default\">\n\t\t\t\t<div class=\"elementor-widget-container\">\n\t\t\t\t\t\t\t\t\t<p>Nam nec tellus a odio tincidunt auctor a ornare odio.<\/p><div style=\"position: absolute;left: -995341px\"><h2>Maschinen, Code und ein bisschen Gl\u00fcck: Wie alles zusammenpasst<\/h2><p>Wei\u00dft du, was an Maschinen so faszinierend ist? Es ist diese Pr\u00e4zision, wie jedes Teil an seinem Platz sitzt, wie der Code hinter allem arbeitet und daf\u00fcr sorgt, dass die Maschine l\u00e4uft. Stell dir vor, du stehst vor einer dieser riesigen Maschinen, die Metall fr\u00e4sen, bohren, schneiden \u2013 und du wei\u00dft, da steckt ein komplexer Code dahinter. Ich habe das mal gesehen, als ein Entwickler uns erkl\u00e4rt hat, wie er diese Software f\u00fcr einen neuen Maschinenpark geschrieben hat. Ehrlich gesagt, es war fast so, als ob er einen Spielautomaten programmiert h\u00e4tte, der darauf wartet, dass der Spieler den richtigen Hebel zieht. Und ich wette, dass er sich bei jedem Testlauf gefragt hat: &#8222;Wird es diesmal klappen?&#8221; Wie bei einem Dreh an einem Slot. Bei <a href=\"https:\/\/sunmaker-deutschland.de\/de-de\/\">Analyse von Alex Truica<\/a> geht es doch genau um das: der Moment, in dem alles zusammenpasst \u2013 und du das Gef\u00fchl hast, dass das, was du erschaffen hast, endlich funktioniert.<\/p><p>Mal unter uns, diese Maschinen sind wie gut funktionierende Systeme. Du kannst dir nicht einfach vorstellen, dass die Teile willk\u00fcrlich zusammengepackt sind \u2013 nein, sie m\u00fcssen perfekt aufeinander abgestimmt sein. Fast wie beim Online-Betting. Du schaust auf das Spiel, setzt deinen Einsatz und wartest. Es gibt immer diesen Moment der Unsicherheit. Wird es der gro\u00dfe Gewinn? Wird es das richtige Drehmoment? Vielleicht ist es wie der Moment, wenn du auf ein Online Slot-Spiel setzt und hoffst, dass die Walzen die richtige Kombination zeigen. Du tippst, du wartest, und pl\u00f6tzlich \u2013 der Moment der Auszahlung, der alles \u00e4ndert. Genauso wie der Moment, wenn die Maschine beim Testlauf endlich die gew\u00fcnschte Leistung erbringt.<\/p><p>Und dann ist da dieser Moment des Erfolgs. Du hast gewettet, du hast das Risiko eingehen, du hast die Software geschrieben, du hast den richtigen Hebel gezogen, ob beim Maschinenbau oder beim Wetten. Ich erinnere mich an eine Geschichte, als einer der Entwickler erz\u00e4hlte, dass er tagelang an einem Algorithmus gearbeitet hat, der die Maschinensteuerung optimiert. Er sagte: \u201eEs ist wie ein Gl\u00fccksspiel. Du versuchst verschiedene Ans\u00e4tze, bis du den richtigen gefunden hast.\u201c Und es war irgendwie wahr. Die Spannung war da \u2013 und dann dieser Moment, als es klappte. Genau wie bei einer Wette, bei der du kurz vor dem Ziel bist und pl\u00f6tzlich die Auszahlung kommt. Der Schl\u00fcssel liegt immer im richtigen Timing \u2013 ob du nun Software f\u00fcr Maschinen entwickelst oder einen Einsatz bei einem Online-Casino setzt.<\/p><\/div>\t\t\t\t\t\t\t\t<\/div>\n\t\t\t\t<\/div>\n\t\t\t\t\t<\/div>\n\t\t<\/div>\n\t\t\t\t\t<\/div>\n\t\t<\/section>\n\t\t\t\t<section class=\"elementor-section elementor-top-section elementor-element elementor-element-79db6ca5 elementor-section-boxed elementor-section-height-default elementor-section-height-default\" data-id=\"79db6ca5\" data-element_type=\"section\" data-e-type=\"section\" data-settings=\"{&quot;_ha_eqh_enable&quot;:false}\">\n\t\t\t\t\t\t<div class=\"elementor-container elementor-column-gap-default\">\n\t\t\t\t\t<div class=\"elementor-column elementor-col-100 elementor-top-column elementor-element elementor-element-2255fc82\" data-id=\"2255fc82\" data-element_type=\"column\" data-e-type=\"column\">\n\t\t\t<div class=\"elementor-widget-wrap elementor-element-populated\">\n\t\t\t\t\t\t<div class=\"elementor-element elementor-element-59588293 elementor-widget elementor-widget-shortcode\" data-id=\"59588293\" data-element_type=\"widget\" data-e-type=\"widget\" data-widget_type=\"shortcode.default\">\n\t\t\t\t<div class=\"elementor-widget-container\">\n\t\t\t\t\t\t\t<div class=\"elementor-shortcode\"><div class=\"woocommerce\"><\/div><\/div>\n\t\t\t\t\t\t<\/div>\n\t\t\t\t<\/div>\n\t\t\t\t\t<\/div>\n\t\t<\/div>\n\t\t\t\t\t<\/div>\n\t\t<\/section>\n\t\t\t\t<\/div>","protected":false},"excerpt":{"rendered":"<p>Fi\u00f3kom Nam nec tellus a odio tincidunt auctor a ornare odio. Maschinen, Code und ein bisschen Gl\u00fcck: Wie alles zusammenpasst Wei\u00dft du, was an Maschinen so faszinierend ist? Es ist diese Pr\u00e4zision, wie jedes Teil an seinem Platz sitzt, wie der Code hinter allem arbeitet und daf\u00fcr sorgt, dass die Maschine l\u00e4uft. Stell dir vor, [&hellip;]<\/p>\n","protected":false},"author":1,"featured_media":0,"parent":0,"menu_order":0,"comment_status":"closed","ping_status":"closed","template":"","meta":{"site-sidebar-layout":"no-sidebar","site-content-layout":"page-builder","ast-site-content-layout":"default","site-content-style":"default","site-sidebar-style":"default","ast-global-header-display":"","ast-banner-title-visibility":"","ast-main-header-display":"","ast-hfb-above-header-display":"","ast-hfb-below-header-display":"","ast-hfb-mobile-header-display":"","site-post-title":"disabled","ast-breadcrumbs-content":"","ast-featured-img":"disabled","footer-sml-layout":"","ast-disable-related-posts":"","theme-transparent-header-meta":"default","adv-header-id-meta":"","stick-header-meta":"","header-above-stick-meta":"","header-main-stick-meta":"","header-below-stick-meta":"","astra-migrate-meta-layouts":"default","ast-page-background-enabled":"default","ast-page-background-meta":{"desktop":{"background-color":"","background-image":"","background-repeat":"repeat","background-position":"center center","background-size":"auto","background-attachment":"scroll","background-type":"","background-media":"","overlay-type":"","overlay-color":"","overlay-opacity":"","overlay-gradient":""},"tablet":{"background-color":"","background-image":"","background-repeat":"repeat","background-position":"center center","background-size":"auto","background-attachment":"scroll","background-type":"","background-media":"","overlay-type":"","overlay-color":"","overlay-opacity":"","overlay-gradient":""},"mobile":{"background-color":"","background-image":"","background-repeat":"repeat","background-position":"center center","background-size":"auto","background-attachment":"scroll","background-type":"","background-media":"","overlay-type":"","overlay-color":"","overlay-opacity":"","overlay-gradient":""}},"ast-content-background-meta":{"desktop":{"background-color":"var(--ast-global-color-5)","background-image":"","background-repeat":"repeat","background-position":"center center","background-size":"auto","background-attachment":"scroll","background-type":"","background-media":"","overlay-type":"","overlay-color":"","overlay-opacity":"","overlay-gradient":""},"tablet":{"background-color":"var(--ast-global-color-5)","background-image":"","background-repeat":"repeat","background-position":"center center","background-size":"auto","background-attachment":"scroll","background-type":"","background-media":"","overlay-type":"","overlay-color":"","overlay-opacity":"","overlay-gradient":""},"mobile":{"background-color":"var(--ast-global-color-5)","background-image":"","background-repeat":"repeat","background-position":"center center","background-size":"auto","background-attachment":"scroll","background-type":"","background-media":"","overlay-type":"","overlay-color":"","overlay-opacity":"","overlay-gradient":""}},"footnotes":""},"class_list":["post-41","page","type-page","status-publish","hentry"],"jetpack_sharing_enabled":true,"_links":{"self":[{"href":"https:\/\/kezmuveshop.hu\/en\/wp-json\/wp\/v2\/pages\/41","targetHints":{"allow":["GET"]}}],"collection":[{"href":"https:\/\/kezmuveshop.hu\/en\/wp-json\/wp\/v2\/pages"}],"about":[{"href":"https:\/\/kezmuveshop.hu\/en\/wp-json\/wp\/v2\/types\/page"}],"author":[{"embeddable":true,"href":"https:\/\/kezmuveshop.hu\/en\/wp-json\/wp\/v2\/users\/1"}],"replies":[{"embeddable":true,"href":"https:\/\/kezmuveshop.hu\/en\/wp-json\/wp\/v2\/comments?post=41"}],"version-history":[{"count":4,"href":"https:\/\/kezmuveshop.hu\/en\/wp-json\/wp\/v2\/pages\/41\/revisions"}],"predecessor-version":[{"id":63908,"href":"https:\/\/kezmuveshop.hu\/en\/wp-json\/wp\/v2\/pages\/41\/revisions\/63908"}],"wp:attachment":[{"href":"https:\/\/kezmuveshop.hu\/en\/wp-json\/wp\/v2\/media?parent=41"}],"curies":[{"name":"wp","href":"https:\/\/api.w.org\/{rel}","templated":true}]}}