{"id":6621,"date":"2024-12-10T11:17:42","date_gmt":"2024-12-10T10:17:42","guid":{"rendered":"https:\/\/kezmuveshop.hu\/?page_id=6621"},"modified":"2024-12-18T09:28:48","modified_gmt":"2024-12-18T08:28:48","slug":"shipping-information","status":"publish","type":"page","link":"https:\/\/kezmuveshop.hu\/en\/szallitasi-informaciok\/","title":{"rendered":"Shipping information"},"content":{"rendered":"<div data-elementor-type=\"wp-page\" data-elementor-id=\"6621\" class=\"elementor elementor-6621\" data-elementor-settings=\"{&quot;ha_cmc_init_switcher&quot;:&quot;no&quot;}\" data-elementor-post-type=\"page\">\n\t\t\t\t<div class=\"elementor-element elementor-element-649ed81e e-flex e-con-boxed e-con e-parent\" data-id=\"649ed81e\" data-element_type=\"container\" data-e-type=\"container\" data-settings=\"{&quot;_ha_eqh_enable&quot;:false}\">\n\t\t\t\t\t<div class=\"e-con-inner\">\n\t\t\t\t<div class=\"elementor-element elementor-element-47e3b75 elementor-widget elementor-widget-text-editor\" data-id=\"47e3b75\" data-element_type=\"widget\" data-e-type=\"widget\" data-widget_type=\"text-editor.default\">\n\t\t\t\t<div class=\"elementor-widget-container\">\n\t\t\t\t\t\t\t\t\t<h3><b>Shipping and payment<\/b><\/h3><h5>Where can you request delivery?<\/h5><div>We will deliver your package to any point in the country!<\/div><div>\u00a0<\/div><div><b>Budapest and its surroundings<br \/><\/b><\/div><div>For now, the webshop and the Down Foundation&#039;s own disabled couriers will personally deliver the package to your home in Budapest and its surroundings. We will discuss the details with you separately!<\/div><div>\u00a0<\/div><div><b>Anywhere in the country\u00a0<\/b><\/div><div><b>MPL \u2013 Hungarian Post\u00a0<\/b><\/div><div>The other option for now is Magyar Posta.<\/div><div>When placing your order, you have the option to request home delivery. We will entrust our courier partner with the delivery of the package.<\/div><div>Pricing:<\/div><div>Delivery fees for consumers (for standard packages):<\/div><div>Within Hungary with MPL home delivery:\u00a0<b>gross 2190 HUF<\/b><\/div><div>\u00a0<\/div><div><b>Personal collection<\/b><\/div><div>You can pick up your package in person at our showroom at L\u00e1gym\u00e1nyosi utca 15, or you can even choose from our products in person.<\/div><div>Weekdays between 09:00 and 15:00<\/div><div>\u00a0<\/div><h3>How can I pay for my order?<\/h3><div>THE\u00a0<u>at couriers<\/u>\u00a0You can pay in cash or by credit card, or at our \/\u00a0<b>with advance payment to us<\/b>and personally\u00a0<b>cash<\/b>green.<\/div><div>\u00a0<\/div><h3>Delivery time<\/h3><div>The current delivery time is 2-5 business days. This may vary during peak periods and for certain products, so always ask customer service about the current deadlines. If the product still needs to be manufactured, we will contact you with accurate information.<\/div>\t\t\t\t\t\t\t\t<\/div>\n\t\t\t\t<\/div>\n\t\t\t\t\t<\/div>\n\t\t\t\t<\/div>\n\t\t\t\t<\/div>","protected":false},"excerpt":{"rendered":"<p>Sz\u00e1ll\u00edt\u00e1s \u00e9s fizet\u00e9s Hova k\u00e9rheted a kisz\u00e1ll\u00edt\u00e1st? Az orsz\u00e1g b\u00e1rmelyik pontj\u00e1ra eljuttatjuk a csomagodat!\u00a0Budapest \u00e9s k\u00f6rny\u00e9keEgyel\u0151re a webshop illetve az azt m\u0171k\u00f6dtet\u0151 Down Alap\u00edtv\u00e1ny saj\u00e1t megv\u00e1ltozott munkak\u00e9pess\u00e9g\u0171 fut\u00e1rai viszik h\u00e1zhoz szem\u00e9lyesen a csomagot Budapesten \u00e9s k\u00f6rny\u00e9k\u00e9n. Ennek r\u00e9szleteit k\u00fcl\u00f6n egyeztetj\u00fck veled!\u00a0Az orsz\u00e1g b\u00e1rmely pontja\u00a0MPL &#8211; Magyar Posta\u00a0A m\u00e1sik opci\u00f3 egyel\u0151re a Magyar Posta.A rendel\u00e9s lead\u00e1sakor [&hellip;]<\/p>\n","protected":false},"author":1,"featured_media":0,"parent":0,"menu_order":0,"comment_status":"closed","ping_status":"closed","template":"","meta":{"site-sidebar-layout":"default","site-content-layout":"","ast-site-content-layout":"default","site-content-style":"default","site-sidebar-style":"default","ast-global-header-display":"","ast-banner-title-visibility":"","ast-main-header-display":"","ast-hfb-above-header-display":"","ast-hfb-below-header-display":"","ast-hfb-mobile-header-display":"","site-post-title":"","ast-breadcrumbs-content":"","ast-featured-img":"","footer-sml-layout":"","ast-disable-related-posts":"","theme-transparent-header-meta":"default","adv-header-id-meta":"","stick-header-meta":"","header-above-stick-meta":"","header-main-stick-meta":"","header-below-stick-meta":"","astra-migrate-meta-layouts":"set","ast-page-background-enabled":"default","ast-page-background-meta":{"desktop":{"background-color":"","background-image":"","background-repeat":"repeat","background-position":"center center","background-size":"auto","background-attachment":"scroll","background-type":"","background-media":"","overlay-type":"","overlay-color":"","overlay-opacity":"","overlay-gradient":""},"tablet":{"background-color":"","background-image":"","background-repeat":"repeat","background-position":"center center","background-size":"auto","background-attachment":"scroll","background-type":"","background-media":"","overlay-type":"","overlay-color":"","overlay-opacity":"","overlay-gradient":""},"mobile":{"background-color":"","background-image":"","background-repeat":"repeat","background-position":"center center","background-size":"auto","background-attachment":"scroll","background-type":"","background-media":"","overlay-type":"","overlay-color":"","overlay-opacity":"","overlay-gradient":""}},"ast-content-background-meta":{"desktop":{"background-color":"var(--ast-global-color-5)","background-image":"","background-repeat":"repeat","background-position":"center center","background-size":"auto","background-attachment":"scroll","background-type":"","background-media":"","overlay-type":"","overlay-color":"","overlay-opacity":"","overlay-gradient":""},"tablet":{"background-color":"var(--ast-global-color-5)","background-image":"","background-repeat":"repeat","background-position":"center center","background-size":"auto","background-attachment":"scroll","background-type":"","background-media":"","overlay-type":"","overlay-color":"","overlay-opacity":"","overlay-gradient":""},"mobile":{"background-color":"var(--ast-global-color-5)","background-image":"","background-repeat":"repeat","background-position":"center center","background-size":"auto","background-attachment":"scroll","background-type":"","background-media":"","overlay-type":"","overlay-color":"","overlay-opacity":"","overlay-gradient":""}},"footnotes":""},"class_list":["post-6621","page","type-page","status-publish","hentry"],"jetpack_sharing_enabled":true,"_links":{"self":[{"href":"https:\/\/kezmuveshop.hu\/en\/wp-json\/wp\/v2\/pages\/6621","targetHints":{"allow":["GET"]}}],"collection":[{"href":"https:\/\/kezmuveshop.hu\/en\/wp-json\/wp\/v2\/pages"}],"about":[{"href":"https:\/\/kezmuveshop.hu\/en\/wp-json\/wp\/v2\/types\/page"}],"author":[{"embeddable":true,"href":"https:\/\/kezmuveshop.hu\/en\/wp-json\/wp\/v2\/users\/1"}],"replies":[{"embeddable":true,"href":"https:\/\/kezmuveshop.hu\/en\/wp-json\/wp\/v2\/comments?post=6621"}],"version-history":[{"count":0,"href":"https:\/\/kezmuveshop.hu\/en\/wp-json\/wp\/v2\/pages\/6621\/revisions"}],"wp:attachment":[{"href":"https:\/\/kezmuveshop.hu\/en\/wp-json\/wp\/v2\/media?parent=6621"}],"curies":[{"name":"wp","href":"https:\/\/api.w.org\/{rel}","templated":true}]}}