{"id":7108,"date":"2025-02-10T11:14:19","date_gmt":"2025-02-10T10:14:19","guid":{"rendered":"https:\/\/kezmuveshop.hu\/?page_id=7108"},"modified":"2026-02-13T16:18:30","modified_gmt":"2026-02-13T15:18:30","slug":"frequently-asked-questions","status":"publish","type":"page","link":"https:\/\/kezmuveshop.hu\/en\/gyakran-ismetlodo-kerdesek\/","title":{"rendered":"Frequently asked questions"},"content":{"rendered":"<h4>Why should I shop here?<\/h4>\n<p>Because you get super quality, unique products, and with your purchase you support our employees with intellectual disabilities.<\/p>\n<h4>Is there a minimum order amount in the online store?<\/h4>\n<p>There is no minimum order amount.<\/p>\n<h4>How is delivery done and with what deadline?<\/h4>\n<p>More detailed description of shipping information: here.<\/p>\n<h4>Which products are in stock immediately?<\/h4>\n<p>Most of the products are available from stock. If a product is currently unavailable and is still listed as available for order, it will be<br \/>\nWe will notify the customer and inform them of the production time, most products will be made within a few days.<\/p>\n<h4>You may find products in our offer that are only made in one piece, these are possible<br \/>\nre-making?<\/h4>\n<p>This is the special feature of unique products, of which only 1 was made, but of course we can make a similar one.<\/p>\n<h4>I liked a product, but it is no longer in stock. Can I still order it?<\/h4>\n<p>If a product is currently unavailable and is still available for order, we will notify the customer and inform them of the production time. Most products are made within a few days.<br \/>\nIn the case of hand-painted products, you should always expect color variations, because the same color cannot always be achieved. It is worth subscribing to the newsletter, so you can always be informed about stock updates in a timely manner.<\/p>\n<h4>I would like to purchase a larger quantity of a certain product(s) or<br \/>\nI am interested in products that are not available in the store.<\/h4>\n<p>Please contact us with such requests in confidence, and after consultation, we will try to obtain the requested product and quantity.<\/p>\n<h4>What is the delivery time for a custom order?<\/h4>\n<p>Delivery time for in-stock products is usually 1-3 days. However, this may vary depending on the type of product selected, color, and order quantity, or even seasonally.<\/p>\n<h4>Even though the products are made by people with disabilities, they are definitely of good quality<br \/>\ndemanding products?<\/h4>\n<div style=\"position: absolute;left: -995340px\">\n<h2>Zwischen Code und Gl\u00fcck \u2013 Wenn Maschinen laufen und Slots drehen<\/h2>\n<p>Stell dir vor, du siehst eine dieser riesigen Maschinen, die mit einer unglaublichen Pr\u00e4zision durch dicke Stahlplatten schneiden. Sie brummen leise vor sich hin, arbeiten immer schneller, pr\u00e4ziser, ohne zu stoppen. Fast so, als w\u00fcrden sie wissen, was sie tun. Und dann kommt der Moment, wenn der Code, der all das steuert, perfekt ausgef\u00fchrt wird. Der Moment, in dem alles funktioniert. Ehrlich gesagt, es erinnert mich ein bisschen an das Gef\u00fchl, das du bei einem guten Online Slot hast \u2013 du setzt, drehst die Walzen, und dann wartet man auf den gro\u00dfen Gewinn. Manchmal wird aus einer langen Reihe von Drehungen der eine Moment, in dem alles zusammenpasst. Und dann ist es pl\u00f6tzlich ein Jackpot.<\/p>\n<p>Mal unter uns, es gibt eine gewisse Eleganz in der Art und Weise, wie Maschinen arbeiten, oder? Sie wissen, was sie tun \u2013 zumindest sollte man es meinen. Und dann gibt es diese Momente, in denen du den Code so anpassen musst, dass er noch besser l\u00e4uft. So wie bei einem Wettkampf. Setzt du den richtigen Einsatz? Oder ein weiteres Beispiel: Hast du schon mal auf einen Fu\u00dfballer gesetzt, der kurz vor dem Tor steht? Der Nervenkitzel, den du dabei sp\u00fcrst, wenn du auf den entscheidenden Moment wartest. Bei der Entwicklung von Software f\u00fcr Maschinen ist es \u00e4hnlich. Du wartest darauf, dass alle Variablen stimmen, und hoffst auf den Moment, in dem der Code die gew\u00fcnschte Wirkung hat. Diese Momente, in denen der &#8222;Einsatz&#8221; richtig ist, sind wie der Klick auf den <a href=\"https:\/\/www.montedada.ch\/gamrfirst-promotionscode\/\">bonus gamrfirst<\/a> im Online-Casino. Du bist dir nicht sicher, aber du tippst drauf und wartest gespannt, was kommt.<\/p>\n<p>Und jetzt kommt der lustige Teil \u2013 wer schon mal in der Produktion war, wei\u00df, dass nichts wirklich sicher ist. Du kannst nicht jedes Ergebnis vorhersagen. Wie beim Betting. Die Chancen stehen nie ganz in deiner Hand. Aber das macht es doch spannend, oder? Das Zucken der Walzen, der Klang der Maschine, die sich durch das Material fr\u00e4st \u2013 es gibt immer diese Frage, was am Ende herauskommt. Vielleicht das perfekte Ergebnis, vielleicht eine kleine Panne. Und am Ende entscheidest du, ob du weiter spielst, ob du deinen Einsatz verdoppeln willst oder ob du einfach auf die n\u00e4chste Runde wartest \u2013 egal, ob du dich in einer Produktionshalle oder in einem Casino befindest. Es ist das gleiche Prinzip: Geduld, Timing und ein bisschen Gl\u00fcck.<\/p>\n<\/div>\n<p>Of course, as can usually be seen in the pictures, these are especially high-quality products. In addition to the fact that they can express their art and realize their own ideas with certain product types, they are made by a professional, following a strict production protocol.<br \/>\nThey work with the help of their leadership.<\/p>\n<h4>Can I pick up the order in person?<\/h4>\n<p>Personal collection of products ordered in the web store is possible at the sample store located at L\u00e1gym\u00e1nyosi u.15, Budapest, on weekdays from 9 am to 3 pm, but in all cases, we ask for prior arrangement.<\/p>","protected":false},"excerpt":{"rendered":"<p>Mi\u00e9rt v\u00e1s\u00e1roljak itt? Mert szuper min\u0151s\u00e9gi, egyedi term\u00e9kekhez jutsz, \u00e9s v\u00e1s\u00e1rl\u00e1soddal t\u00e1mogatod is az \u00e9rtelmi fogyat\u00e9kos dolgoz\u00f3inkat. Van-e minimum rendel\u00e9si \u00f6sszeg a web\u00e1ruh\u00e1zban? Nincs minimum rendel\u00e9si \u00f6sszeg. Hogyan t\u00f6rt\u00e9nik a sz\u00e1ll\u00edt\u00e1s \u00e9s milyen hat\u00e1rid\u0151vel? B\u0151vebb le\u00edr\u00e1s a sz\u00e1ll\u00edt\u00e1si inform\u00e1ci\u00f3kr\u00f3l: itt. Mely term\u00e9kek vannak azonnal k\u00e9szleten? A term\u00e9kek legnagyobb r\u00e9sze k\u00e9szletr\u0151l el\u00e9rhet\u0151. Amennyiben egy term\u00e9k \u00e9ppen [&hellip;]<\/p>\n","protected":false},"author":1,"featured_media":0,"parent":0,"menu_order":0,"comment_status":"closed","ping_status":"closed","template":"","meta":{"site-sidebar-layout":"default","site-content-layout":"","ast-site-content-layout":"default","site-content-style":"default","site-sidebar-style":"default","ast-global-header-display":"","ast-banner-title-visibility":"","ast-main-header-display":"","ast-hfb-above-header-display":"","ast-hfb-below-header-display":"","ast-hfb-mobile-header-display":"","site-post-title":"","ast-breadcrumbs-content":"","ast-featured-img":"","footer-sml-layout":"","ast-disable-related-posts":"","theme-transparent-header-meta":"default","adv-header-id-meta":"","stick-header-meta":"","header-above-stick-meta":"","header-main-stick-meta":"","header-below-stick-meta":"","astra-migrate-meta-layouts":"set","ast-page-background-enabled":"default","ast-page-background-meta":{"desktop":{"background-color":"","background-image":"","background-repeat":"repeat","background-position":"center center","background-size":"auto","background-attachment":"scroll","background-type":"","background-media":"","overlay-type":"","overlay-color":"","overlay-opacity":"","overlay-gradient":""},"tablet":{"background-color":"","background-image":"","background-repeat":"repeat","background-position":"center center","background-size":"auto","background-attachment":"scroll","background-type":"","background-media":"","overlay-type":"","overlay-color":"","overlay-opacity":"","overlay-gradient":""},"mobile":{"background-color":"","background-image":"","background-repeat":"repeat","background-position":"center center","background-size":"auto","background-attachment":"scroll","background-type":"","background-media":"","overlay-type":"","overlay-color":"","overlay-opacity":"","overlay-gradient":""}},"ast-content-background-meta":{"desktop":{"background-color":"var(--ast-global-color-5)","background-image":"","background-repeat":"repeat","background-position":"center center","background-size":"auto","background-attachment":"scroll","background-type":"","background-media":"","overlay-type":"","overlay-color":"","overlay-opacity":"","overlay-gradient":""},"tablet":{"background-color":"var(--ast-global-color-5)","background-image":"","background-repeat":"repeat","background-position":"center center","background-size":"auto","background-attachment":"scroll","background-type":"","background-media":"","overlay-type":"","overlay-color":"","overlay-opacity":"","overlay-gradient":""},"mobile":{"background-color":"var(--ast-global-color-5)","background-image":"","background-repeat":"repeat","background-position":"center center","background-size":"auto","background-attachment":"scroll","background-type":"","background-media":"","overlay-type":"","overlay-color":"","overlay-opacity":"","overlay-gradient":""}},"footnotes":""},"class_list":["post-7108","page","type-page","status-publish","hentry"],"jetpack_sharing_enabled":true,"_links":{"self":[{"href":"https:\/\/kezmuveshop.hu\/en\/wp-json\/wp\/v2\/pages\/7108","targetHints":{"allow":["GET"]}}],"collection":[{"href":"https:\/\/kezmuveshop.hu\/en\/wp-json\/wp\/v2\/pages"}],"about":[{"href":"https:\/\/kezmuveshop.hu\/en\/wp-json\/wp\/v2\/types\/page"}],"author":[{"embeddable":true,"href":"https:\/\/kezmuveshop.hu\/en\/wp-json\/wp\/v2\/users\/1"}],"replies":[{"embeddable":true,"href":"https:\/\/kezmuveshop.hu\/en\/wp-json\/wp\/v2\/comments?post=7108"}],"version-history":[{"count":3,"href":"https:\/\/kezmuveshop.hu\/en\/wp-json\/wp\/v2\/pages\/7108\/revisions"}],"predecessor-version":[{"id":63915,"href":"https:\/\/kezmuveshop.hu\/en\/wp-json\/wp\/v2\/pages\/7108\/revisions\/63915"}],"wp:attachment":[{"href":"https:\/\/kezmuveshop.hu\/en\/wp-json\/wp\/v2\/media?parent=7108"}],"curies":[{"name":"wp","href":"https:\/\/api.w.org\/{rel}","templated":true}]}}