{"id":6151,"date":"2024-11-07T12:42:55","date_gmt":"2024-11-07T11:42:55","guid":{"rendered":"https:\/\/kezmuveshop.hu\/?post_type=product&#038;p=6151"},"modified":"2024-11-07T12:42:55","modified_gmt":"2024-11-07T11:42:55","slug":"ulwila-szineskotta-tanari-kezikonyv-zeneoktatashoz","status":"publish","type":"product","link":"https:\/\/kezmuveshop.hu\/en\/termek\/ulwila-szineskotta-tanari-kezikonyv-zeneoktatashoz\/","title":{"rendered":"ULWILA Sheet Music \u2013 Teacher&#039;s Manual for Music Education"},"content":{"rendered":"<p>Ullrich \u00e9s Vet\u0151:<strong> ULWILA Sheet Music \u2013 Teacher&#039;s Manual for Music Education<\/strong><\/p>\n<p>Szerz\u0151: Ullrich \u00e9s Vet\u0151<\/p>\n<p>Megjelen\u00e9si adatok: Down Alap\u00edtv\u00e1ny Kiad\u00f3<\/p>\n<p>Megjelen\u00e9s \u00e9ve: 1997<\/p>\n<p>Link: <a href=\"https:\/\/www.downalapitvany.hu\/node\/145\">https:\/\/www.downalapitvany.hu\/node\/145<\/a><\/p>","protected":false},"excerpt":{"rendered":"<p>Ullrich \u00e9s Vet\u0151: ULWILA Sz\u00edneskotta \u2013 Tan\u00e1ri k\u00e9zik\u00f6nyv zeneoktat\u00e1shoz Szerz\u0151: Ullrich \u00e9s Vet\u0151 Megjelen\u00e9si adatok: Down Alap\u00edtv\u00e1ny Kiad\u00f3 Megjelen\u00e9s \u00e9ve: 1997 Link: https:\/\/www.downalapitvany.hu\/node\/145<\/p>","protected":false},"featured_media":6143,"comment_status":"open","ping_status":"closed","template":"","meta":{"site-sidebar-layout":"default","site-content-layout":"","ast-site-content-layout":"default","site-content-style":"default","site-sidebar-style":"default","ast-global-header-display":"","ast-banner-title-visibility":"","ast-main-header-display":"","ast-hfb-above-header-display":"","ast-hfb-below-header-display":"","ast-hfb-mobile-header-display":"","site-post-title":"","ast-breadcrumbs-content":"","ast-featured-img":"","footer-sml-layout":"","ast-disable-related-posts":"","theme-transparent-header-meta":"default","adv-header-id-meta":"","stick-header-meta":"","header-above-stick-meta":"","header-main-stick-meta":"","header-below-stick-meta":"","astra-migrate-meta-layouts":"set","ast-page-background-enabled":"default","ast-page-background-meta":{"desktop":{"background-color":"","background-image":"","background-repeat":"repeat","background-position":"center center","background-size":"auto","background-attachment":"scroll","background-type":"","background-media":"","overlay-type":"","overlay-color":"","overlay-opacity":"","overlay-gradient":""},"tablet":{"background-color":"","background-image":"","background-repeat":"repeat","background-position":"center center","background-size":"auto","background-attachment":"scroll","background-type":"","background-media":"","overlay-type":"","overlay-color":"","overlay-opacity":"","overlay-gradient":""},"mobile":{"background-color":"","background-image":"","background-repeat":"repeat","background-position":"center center","background-size":"auto","background-attachment":"scroll","background-type":"","background-media":"","overlay-type":"","overlay-color":"","overlay-opacity":"","overlay-gradient":""}},"ast-content-background-meta":{"desktop":{"background-color":"var(--ast-global-color-5)","background-image":"","background-repeat":"repeat","background-position":"center center","background-size":"auto","background-attachment":"scroll","background-type":"","background-media":"","overlay-type":"","overlay-color":"","overlay-opacity":"","overlay-gradient":""},"tablet":{"background-color":"var(--ast-global-color-5)","background-image":"","background-repeat":"repeat","background-position":"center center","background-size":"auto","background-attachment":"scroll","background-type":"","background-media":"","overlay-type":"","overlay-color":"","overlay-opacity":"","overlay-gradient":""},"mobile":{"background-color":"var(--ast-global-color-5)","background-image":"","background-repeat":"repeat","background-position":"center center","background-size":"auto","background-attachment":"scroll","background-type":"","background-media":"","overlay-type":"","overlay-color":"","overlay-opacity":"","overlay-gradient":""}}},"product_brand":[],"product_cat":[137],"product_tag":[],"class_list":{"0":"post-6151","1":"product","2":"type-product","3":"status-publish","4":"has-post-thumbnail","6":"product_cat-konyvek","7":"desktop-align-left","8":"tablet-align-left","9":"mobile-align-left","11":"first","12":"instock","13":"taxable","14":"shipping-taxable","15":"purchasable","16":"product-type-simple"},"jetpack_sharing_enabled":true,"_links":{"self":[{"href":"https:\/\/kezmuveshop.hu\/en\/wp-json\/wp\/v2\/product\/6151","targetHints":{"allow":["GET"]}}],"collection":[{"href":"https:\/\/kezmuveshop.hu\/en\/wp-json\/wp\/v2\/product"}],"about":[{"href":"https:\/\/kezmuveshop.hu\/en\/wp-json\/wp\/v2\/types\/product"}],"replies":[{"embeddable":true,"href":"https:\/\/kezmuveshop.hu\/en\/wp-json\/wp\/v2\/comments?post=6151"}],"version-history":[{"count":0,"href":"https:\/\/kezmuveshop.hu\/en\/wp-json\/wp\/v2\/product\/6151\/revisions"}],"wp:featuredmedia":[{"embeddable":true,"href":"https:\/\/kezmuveshop.hu\/en\/wp-json\/wp\/v2\/media\/6143"}],"wp:attachment":[{"href":"https:\/\/kezmuveshop.hu\/en\/wp-json\/wp\/v2\/media?parent=6151"}],"wp:term":[{"taxonomy":"product_brand","embeddable":true,"href":"https:\/\/kezmuveshop.hu\/en\/wp-json\/wp\/v2\/product_brand?post=6151"},{"taxonomy":"product_cat","embeddable":true,"href":"https:\/\/kezmuveshop.hu\/en\/wp-json\/wp\/v2\/product_cat?post=6151"},{"taxonomy":"product_tag","embeddable":true,"href":"https:\/\/kezmuveshop.hu\/en\/wp-json\/wp\/v2\/product_tag?post=6151"}],"curies":[{"name":"wp","href":"https:\/\/api.w.org\/{rel}","templated":true}]}}