{"id":6900,"date":"2025-02-05T11:09:00","date_gmt":"2025-02-05T10:09:00","guid":{"rendered":"https:\/\/kezmuveshop.hu\/?post_type=product&#038;p=6900"},"modified":"2025-03-27T00:55:56","modified_gmt":"2025-03-26T23:55:56","slug":"levay-bea-alkotasa","status":"publish","type":"product","link":"https:\/\/kezmuveshop.hu\/en\/termek\/levay-bea-alkotasa\/","title":{"rendered":"Created by Bea L\u00e9vay"},"content":{"rendered":"<p>This work was created during the Down Foundation&#039;s art and photo therapy sessions.<\/p>\n<p>Printed canvas<\/p>\n<p>The recommended sizes are:<br \/>\nA3 (approx. 30\u00d745) -20000 HUF<br \/>\nA2 (approx. 40\u00d760) \u2013 25000 HUF<br \/>\n50\u00d775 \u2013 35000 HUF<\/p>","protected":false},"excerpt":{"rendered":"<p>A Down Alap\u00edtv\u00e1ny k\u00e9pz\u0151m\u0171v\u00e9szeti- \u00e9s fot\u00f3ter\u00e1pi\u00e1s foglalkoz\u00e1sain sz\u00fcletett munka. Nyomtatott v\u00e1szon Az aj\u00e1nlott m\u00e9retek: A3 (kb.30&#215;45) -20000 Ft A2 (kb.40&#215;60) \u2013 25000 Ft 50&#215;75 \u2013 35000 Ft<\/p>","protected":false},"featured_media":6886,"comment_status":"open","ping_status":"closed","template":"","meta":{"site-sidebar-layout":"default","site-content-layout":"","ast-site-content-layout":"default","site-content-style":"default","site-sidebar-style":"default","ast-global-header-display":"","ast-banner-title-visibility":"","ast-main-header-display":"","ast-hfb-above-header-display":"","ast-hfb-below-header-display":"","ast-hfb-mobile-header-display":"","site-post-title":"","ast-breadcrumbs-content":"","ast-featured-img":"","footer-sml-layout":"","ast-disable-related-posts":"","theme-transparent-header-meta":"default","adv-header-id-meta":"","stick-header-meta":"","header-above-stick-meta":"","header-main-stick-meta":"","header-below-stick-meta":"","astra-migrate-meta-layouts":"set","ast-page-background-enabled":"default","ast-page-background-meta":{"desktop":{"background-color":"","background-image":"","background-repeat":"repeat","background-position":"center center","background-size":"auto","background-attachment":"scroll","background-type":"","background-media":"","overlay-type":"","overlay-color":"","overlay-opacity":"","overlay-gradient":""},"tablet":{"background-color":"","background-image":"","background-repeat":"repeat","background-position":"center center","background-size":"auto","background-attachment":"scroll","background-type":"","background-media":"","overlay-type":"","overlay-color":"","overlay-opacity":"","overlay-gradient":""},"mobile":{"background-color":"","background-image":"","background-repeat":"repeat","background-position":"center center","background-size":"auto","background-attachment":"scroll","background-type":"","background-media":"","overlay-type":"","overlay-color":"","overlay-opacity":"","overlay-gradient":""}},"ast-content-background-meta":{"desktop":{"background-color":"var(--ast-global-color-5)","background-image":"","background-repeat":"repeat","background-position":"center center","background-size":"auto","background-attachment":"scroll","background-type":"","background-media":"","overlay-type":"","overlay-color":"","overlay-opacity":"","overlay-gradient":""},"tablet":{"background-color":"var(--ast-global-color-5)","background-image":"","background-repeat":"repeat","background-position":"center center","background-size":"auto","background-attachment":"scroll","background-type":"","background-media":"","overlay-type":"","overlay-color":"","overlay-opacity":"","overlay-gradient":""},"mobile":{"background-color":"var(--ast-global-color-5)","background-image":"","background-repeat":"repeat","background-position":"center center","background-size":"auto","background-attachment":"scroll","background-type":"","background-media":"","overlay-type":"","overlay-color":"","overlay-opacity":"","overlay-gradient":""}}},"product_brand":[],"product_cat":[107],"product_tag":[],"class_list":{"0":"post-6900","1":"product","2":"type-product","3":"status-publish","4":"has-post-thumbnail","6":"product_cat-fotok-alkotasok","7":"pa_meret-50x75cm","8":"pa_meret-a2-kb-40x60","9":"pa_meret-a3-kb-30x45","10":"desktop-align-left","11":"tablet-align-left","12":"mobile-align-left","14":"first","15":"instock","16":"taxable","17":"shipping-taxable","18":"purchasable","19":"product-type-variable"},"jetpack_sharing_enabled":true,"_links":{"self":[{"href":"https:\/\/kezmuveshop.hu\/en\/wp-json\/wp\/v2\/product\/6900","targetHints":{"allow":["GET"]}}],"collection":[{"href":"https:\/\/kezmuveshop.hu\/en\/wp-json\/wp\/v2\/product"}],"about":[{"href":"https:\/\/kezmuveshop.hu\/en\/wp-json\/wp\/v2\/types\/product"}],"replies":[{"embeddable":true,"href":"https:\/\/kezmuveshop.hu\/en\/wp-json\/wp\/v2\/comments?post=6900"}],"version-history":[{"count":2,"href":"https:\/\/kezmuveshop.hu\/en\/wp-json\/wp\/v2\/product\/6900\/revisions"}],"predecessor-version":[{"id":10063,"href":"https:\/\/kezmuveshop.hu\/en\/wp-json\/wp\/v2\/product\/6900\/revisions\/10063"}],"wp:featuredmedia":[{"embeddable":true,"href":"https:\/\/kezmuveshop.hu\/en\/wp-json\/wp\/v2\/media\/6886"}],"wp:attachment":[{"href":"https:\/\/kezmuveshop.hu\/en\/wp-json\/wp\/v2\/media?parent=6900"}],"wp:term":[{"taxonomy":"product_brand","embeddable":true,"href":"https:\/\/kezmuveshop.hu\/en\/wp-json\/wp\/v2\/product_brand?post=6900"},{"taxonomy":"product_cat","embeddable":true,"href":"https:\/\/kezmuveshop.hu\/en\/wp-json\/wp\/v2\/product_cat?post=6900"},{"taxonomy":"product_tag","embeddable":true,"href":"https:\/\/kezmuveshop.hu\/en\/wp-json\/wp\/v2\/product_tag?post=6900"}],"curies":[{"name":"wp","href":"https:\/\/api.w.org\/{rel}","templated":true}]}}