{"id":7515,"date":"2025-03-04T11:40:04","date_gmt":"2025-03-04T10:40:04","guid":{"rendered":"https:\/\/kezmuveshop.hu\/?post_type=product&#038;p=7515"},"modified":"2025-03-04T11:40:04","modified_gmt":"2025-03-04T10:40:04","slug":"kincstarto-apro-taska","status":"publish","type":"product","link":"https:\/\/kezmuveshop.hu\/en\/termek\/kincstarto-apro-taska\/","title":{"rendered":"Treasure chest small bag"},"content":{"rendered":"<p>K\u00e9zzel varrott, kincstart\u00f3 sz\u00fcty\u0151 gyermekeknek.<br \/>\nM\u00e9ret: 7 x 9 cm<br \/>\nEach product is unique and handmade, so there may be differences in size, color, and shape between individual pieces!<\/p>","protected":false},"excerpt":{"rendered":"<p>K\u00e9zzel varrott, kincstart\u00f3 sz\u00fcty\u0151 gyermekeknek. M\u00e9ret: 7 x 9 cm Minden term\u00e9k egyedi \u00e9s k\u00e9zzel k\u00e9sz\u00edtett, \u00edgy m\u00e9ret\u00e9ben, sz\u00edn\u00e9ben, form\u00e1j\u00e1ban lehetnek elt\u00e9r\u00e9sek az egyes darabok k\u00f6z\u00f6tt!<\/p>","protected":false},"featured_media":7501,"comment_status":"open","ping_status":"closed","template":"","meta":{"site-sidebar-layout":"default","site-content-layout":"","ast-site-content-layout":"default","site-content-style":"default","site-sidebar-style":"default","ast-global-header-display":"","ast-banner-title-visibility":"","ast-main-header-display":"","ast-hfb-above-header-display":"","ast-hfb-below-header-display":"","ast-hfb-mobile-header-display":"","site-post-title":"","ast-breadcrumbs-content":"","ast-featured-img":"","footer-sml-layout":"","ast-disable-related-posts":"","theme-transparent-header-meta":"default","adv-header-id-meta":"","stick-header-meta":"","header-above-stick-meta":"","header-main-stick-meta":"","header-below-stick-meta":"","astra-migrate-meta-layouts":"set","ast-page-background-enabled":"default","ast-page-background-meta":{"desktop":{"background-color":"","background-image":"","background-repeat":"repeat","background-position":"center center","background-size":"auto","background-attachment":"scroll","background-type":"","background-media":"","overlay-type":"","overlay-color":"","overlay-opacity":"","overlay-gradient":""},"tablet":{"background-color":"","background-image":"","background-repeat":"repeat","background-position":"center center","background-size":"auto","background-attachment":"scroll","background-type":"","background-media":"","overlay-type":"","overlay-color":"","overlay-opacity":"","overlay-gradient":""},"mobile":{"background-color":"","background-image":"","background-repeat":"repeat","background-position":"center center","background-size":"auto","background-attachment":"scroll","background-type":"","background-media":"","overlay-type":"","overlay-color":"","overlay-opacity":"","overlay-gradient":""}},"ast-content-background-meta":{"desktop":{"background-color":"var(--ast-global-color-5)","background-image":"","background-repeat":"repeat","background-position":"center center","background-size":"auto","background-attachment":"scroll","background-type":"","background-media":"","overlay-type":"","overlay-color":"","overlay-opacity":"","overlay-gradient":""},"tablet":{"background-color":"var(--ast-global-color-5)","background-image":"","background-repeat":"repeat","background-position":"center center","background-size":"auto","background-attachment":"scroll","background-type":"","background-media":"","overlay-type":"","overlay-color":"","overlay-opacity":"","overlay-gradient":""},"mobile":{"background-color":"var(--ast-global-color-5)","background-image":"","background-repeat":"repeat","background-position":"center center","background-size":"auto","background-attachment":"scroll","background-type":"","background-media":"","overlay-type":"","overlay-color":"","overlay-opacity":"","overlay-gradient":""}}},"product_brand":[],"product_cat":[122,99],"product_tag":[],"class_list":{"0":"post-7515","1":"product","2":"type-product","3":"status-publish","4":"has-post-thumbnail","6":"product_cat-textil-taskak","7":"product_cat-textil","8":"desktop-align-left","9":"tablet-align-left","10":"mobile-align-left","12":"first","13":"instock","14":"taxable","15":"shipping-taxable","16":"purchasable","17":"product-type-simple"},"jetpack_sharing_enabled":true,"_links":{"self":[{"href":"https:\/\/kezmuveshop.hu\/en\/wp-json\/wp\/v2\/product\/7515","targetHints":{"allow":["GET"]}}],"collection":[{"href":"https:\/\/kezmuveshop.hu\/en\/wp-json\/wp\/v2\/product"}],"about":[{"href":"https:\/\/kezmuveshop.hu\/en\/wp-json\/wp\/v2\/types\/product"}],"replies":[{"embeddable":true,"href":"https:\/\/kezmuveshop.hu\/en\/wp-json\/wp\/v2\/comments?post=7515"}],"version-history":[{"count":0,"href":"https:\/\/kezmuveshop.hu\/en\/wp-json\/wp\/v2\/product\/7515\/revisions"}],"wp:featuredmedia":[{"embeddable":true,"href":"https:\/\/kezmuveshop.hu\/en\/wp-json\/wp\/v2\/media\/7501"}],"wp:attachment":[{"href":"https:\/\/kezmuveshop.hu\/en\/wp-json\/wp\/v2\/media?parent=7515"}],"wp:term":[{"taxonomy":"product_brand","embeddable":true,"href":"https:\/\/kezmuveshop.hu\/en\/wp-json\/wp\/v2\/product_brand?post=7515"},{"taxonomy":"product_cat","embeddable":true,"href":"https:\/\/kezmuveshop.hu\/en\/wp-json\/wp\/v2\/product_cat?post=7515"},{"taxonomy":"product_tag","embeddable":true,"href":"https:\/\/kezmuveshop.hu\/en\/wp-json\/wp\/v2\/product_tag?post=7515"}],"curies":[{"name":"wp","href":"https:\/\/api.w.org\/{rel}","templated":true}]}}